{"id":5118,"date":"2020-04-01T08:30:38","date_gmt":"2020-04-01T06:30:38","guid":{"rendered":"https:\/\/s3-alliance.com\/allgemeine-geschaeftsbedingungen\/"},"modified":"2020-05-04T18:30:35","modified_gmt":"2020-05-04T16:30:35","slug":"nutzungsbedingungen","status":"publish","type":"page","link":"https:\/\/dev.webdesign-le.de\/de\/nutzungsbedingungen\/","title":{"rendered":"Nutzungsbedingungen"},"content":{"rendered":"<div class=\"wpb-content-wrapper\"><p>[vc_row][vc_column][vc_column_text css_animation=&#8220;fadeIn&#8220;]Herzlich willkommen auf unserer Webseite. Wenn Sie diese Website weiterhin besuchen und nutzen, erkl\u00e4ren Sie sich damit einverstanden, die folgenden Nutzungsbedingungen einzuhalten und an diese gebunden zu sein, die zusammen mit unserer Datenschutzrichtlinie die Beziehung von S3-Alliance zu Ihnen in Bezug auf diese Website regeln.<\/p>\n<p>Der Begriff &#8222;S3-Alliance&#8220; oder &#8222;wir&#8220; oder &#8222;wir&#8220; bezieht sich auf den Eigent\u00fcmer der Website. Der Begriff &#8222;Sie&#8220; bezieht sich auf den Benutzer oder Betrachter unserer Website.<\/p>\n<p>Die Nutzung dieser Website unterliegt den folgenden Nutzungsbedingungen:<\/p>\n<ul>\n<li>Der Inhalt der Seiten dieser Website dient ausschlie\u00dflich Ihrer allgemeinen Information und Verwendung. \u00c4nderungen vorbehalten.<\/li>\n<li>Weder wir noch Dritte geben eine Garantie oder Gew\u00e4hrleistung f\u00fcr die Richtigkeit, Aktualit\u00e4t, Leistung, Vollst\u00e4ndigkeit oder Eignung der auf dieser Website gefundenen oder angebotenen Informationen und Materialien f\u00fcr einen bestimmten Zweck. Sie erkennen an, dass solche Informationen und Materialien Ungenauigkeiten oder Fehler enthalten k\u00f6nnen, und wir schlie\u00dfen ausdr\u00fccklich die Haftung f\u00fcr solche Ungenauigkeiten oder Fehler aus, soweit dies gesetzlich zul\u00e4ssig ist.<\/li>\n<li>Die Verwendung von Informationen oder Materialien auf dieser Website erfolgt auf eigenes Risiko, f\u00fcr das wir keine Haftung \u00fcbernehmen. Die Verwendung von Informationen oder Materialien auf dieser Website erfolgt auf eigenes Risiko, f\u00fcr das wir keine Haftung \u00fcbernehmen.<\/li>\n<li>Diese Website enth\u00e4lt Bild- und Produktinformationen, die uns geh\u00f6ren oder an uns lizenziert sind. Diese Bild- und Produktinformationen umfassen unter anderem Design, Layout, Aussehen, Erscheinungsbild und Grafiken. Die Vervielf\u00e4ltigung ist nur gem\u00e4\u00df dem Urheberrechtshinweis gestattet, der Bestandteil dieser Allgemeinen Gesch\u00e4ftsbedingungen ist.<\/li>\n<li>Alle auf dieser Website reproduzierten Marken, die nicht Eigentum des Betreibers sind oder f\u00fcr den der Betreiber lizenziert ist, werden auf der Website anerkannt.<\/li>\n<li>Die unbefugte Nutzung dieser Website kann zu Schadensersatzanspr\u00fcchen und \/ oder Straftaten f\u00fchren.<\/li>\n<li>Unter Umst\u00e4nden kann diese Website auch Links zu anderen Websites enthalten. Diese Links dienen Ihrem Komfort, um weitere Informationen bereitzustellen. Sie bedeuten nicht, dass wir die Website(s) unterst\u00fctzen. Wir \u00fcbernehmen keine Verantwortung f\u00fcr den Inhalt der verlinkten Website(s).<\/li>\n<li>Wir \u00fcbernehmen keine Verantwortung f\u00fcr den Inhalt der verlinkten Website(s).<\/li>\n<li>Ihre Nutzung dieser Website und allen Streitigkeiten, die sich aus einer solchen Nutzung der Website ergeben, unterliegen den Gesetzen der Bundesrepublik Deutschland.<\/li>\n<\/ul>\n<p>[\/vc_column_text][\/vc_column][\/vc_row]<\/p>\n<\/div>","protected":false},"excerpt":{"rendered":"<p>[vc_row][vc_column][vc_column_text css_animation=&#8220;fadeIn&#8220;]Herzlich willkommen auf unserer Webseite. Wenn Sie diese Website weiterhin besuchen und nutzen, erkl\u00e4ren Sie sich damit einverstanden, die folgenden Nutzungsbedingungen einzuhalten und an diese gebunden zu sein, die zusammen mit unserer Datenschutzrichtlinie die Beziehung von S3-Alliance zu Ihnen in Bezug auf diese Website regeln. Der Begriff &#8222;S3-Alliance&#8220; oder &#8222;wir&#8220; oder &#8222;wir&#8220; bezieht sich<a class=\"excerpt-read-more\" href=\"https:\/\/dev.webdesign-le.de\/de\/nutzungsbedingungen\/\" title=\"ReadNutzungsbedingungen\">&#8230; Read more &raquo;<\/a><\/p>\n","protected":false},"author":1,"featured_media":0,"parent":0,"menu_order":0,"comment_status":"closed","ping_status":"closed","template":"","meta":{"_acf_changed":false,"footnotes":""},"class_list":["post-5118","page","type-page","status-publish","hentry"],"acf":[],"yoast_head":"<!-- This site is optimized with the Yoast SEO plugin v25.8 - https:\/\/yoast.com\/wordpress\/plugins\/seo\/ -->\n<title>Nutzungsbedingungen - S3 Alliance<\/title>\n<meta name=\"description\" content=\"Nutzungsbedingungen - S3 Alliance GmbH Lesen Sie die Nutzungsbedingungen unserer Website, Einzelheiten zum Datenschutz und zur Verwendung von Cookies auf unserer Website.\" \/>\n<meta name=\"robots\" content=\"index, follow, max-snippet:-1, max-image-preview:large, max-video-preview:-1\" \/>\n<link rel=\"canonical\" href=\"https:\/\/dev.webdesign-le.de\/de\/nutzungsbedingungen\/\" \/>\n<meta property=\"og:locale\" content=\"de_DE\" \/>\n<meta property=\"og:type\" content=\"article\" \/>\n<meta property=\"og:title\" content=\"Nutzungsbedingungen - S3 Alliance\" \/>\n<meta property=\"og:description\" content=\"Nutzungsbedingungen - S3 Alliance GmbH Lesen Sie die Nutzungsbedingungen unserer Website, Einzelheiten zum Datenschutz und zur Verwendung von Cookies auf unserer Website.\" \/>\n<meta property=\"og:url\" content=\"https:\/\/dev.webdesign-le.de\/de\/nutzungsbedingungen\/\" \/>\n<meta property=\"og:site_name\" content=\"S3 Alliance\" \/>\n<meta property=\"article:modified_time\" content=\"2020-05-04T16:30:35+00:00\" \/>\n<meta name=\"twitter:card\" content=\"summary_large_image\" \/>\n<meta name=\"twitter:label1\" content=\"Gesch\u00e4tzte Lesezeit\" \/>\n\t<meta name=\"twitter:data1\" content=\"2\u00a0Minuten\" \/>\n<script type=\"application\/ld+json\" class=\"yoast-schema-graph\">{\"@context\":\"https:\/\/schema.org\",\"@graph\":[{\"@type\":\"WebPage\",\"@id\":\"https:\/\/dev.webdesign-le.de\/de\/nutzungsbedingungen\/\",\"url\":\"https:\/\/dev.webdesign-le.de\/de\/nutzungsbedingungen\/\",\"name\":\"Nutzungsbedingungen - S3 Alliance\",\"isPartOf\":{\"@id\":\"https:\/\/dev.webdesign-le.de\/de\/#website\"},\"datePublished\":\"2020-04-01T06:30:38+00:00\",\"dateModified\":\"2020-05-04T16:30:35+00:00\",\"description\":\"Nutzungsbedingungen - S3 Alliance GmbH Lesen Sie die Nutzungsbedingungen unserer Website, Einzelheiten zum Datenschutz und zur Verwendung von Cookies auf unserer Website.\",\"inLanguage\":\"de\",\"potentialAction\":[{\"@type\":\"ReadAction\",\"target\":[\"https:\/\/dev.webdesign-le.de\/de\/nutzungsbedingungen\/\"]}]},{\"@type\":\"WebSite\",\"@id\":\"https:\/\/dev.webdesign-le.de\/de\/#website\",\"url\":\"https:\/\/dev.webdesign-le.de\/de\/\",\"name\":\"S3 Alliance\",\"description\":\"S3 Alliance is a market driven organization with more than 15 years of experience in the semiconductor, solar, life sciences and related market segments.\",\"publisher\":{\"@id\":\"https:\/\/dev.webdesign-le.de\/de\/#organization\"},\"potentialAction\":[{\"@type\":\"SearchAction\",\"target\":{\"@type\":\"EntryPoint\",\"urlTemplate\":\"https:\/\/dev.webdesign-le.de\/de\/?s={search_term_string}\"},\"query-input\":{\"@type\":\"PropertyValueSpecification\",\"valueRequired\":true,\"valueName\":\"search_term_string\"}}],\"inLanguage\":\"de\"},{\"@type\":\"Organization\",\"@id\":\"https:\/\/dev.webdesign-le.de\/de\/#organization\",\"name\":\"S3 Alliance\",\"url\":\"https:\/\/dev.webdesign-le.de\/de\/\",\"logo\":{\"@type\":\"ImageObject\",\"inLanguage\":\"de\",\"@id\":\"https:\/\/dev.webdesign-le.de\/de\/#\/schema\/logo\/image\/\",\"url\":\"https:\/\/dev.webdesign-le.de\/wp-content\/uploads\/2017\/05\/logo@2x.png\",\"contentUrl\":\"https:\/\/dev.webdesign-le.de\/wp-content\/uploads\/2017\/05\/logo@2x.png\",\"width\":340,\"height\":200,\"caption\":\"S3 Alliance\"},\"image\":{\"@id\":\"https:\/\/dev.webdesign-le.de\/de\/#\/schema\/logo\/image\/\"},\"sameAs\":[\"https:\/\/www.linkedin.com\/company\/s3-alliance\"]}]}<\/script>\n<!-- \/ Yoast SEO plugin. -->","yoast_head_json":{"title":"Nutzungsbedingungen - S3 Alliance","description":"Nutzungsbedingungen - S3 Alliance GmbH Lesen Sie die Nutzungsbedingungen unserer Website, Einzelheiten zum Datenschutz und zur Verwendung von Cookies auf unserer Website.","robots":{"index":"index","follow":"follow","max-snippet":"max-snippet:-1","max-image-preview":"max-image-preview:large","max-video-preview":"max-video-preview:-1"},"canonical":"https:\/\/dev.webdesign-le.de\/de\/nutzungsbedingungen\/","og_locale":"de_DE","og_type":"article","og_title":"Nutzungsbedingungen - S3 Alliance","og_description":"Nutzungsbedingungen - S3 Alliance GmbH Lesen Sie die Nutzungsbedingungen unserer Website, Einzelheiten zum Datenschutz und zur Verwendung von Cookies auf unserer Website.","og_url":"https:\/\/dev.webdesign-le.de\/de\/nutzungsbedingungen\/","og_site_name":"S3 Alliance","article_modified_time":"2020-05-04T16:30:35+00:00","twitter_card":"summary_large_image","twitter_misc":{"Gesch\u00e4tzte Lesezeit":"2\u00a0Minuten"},"schema":{"@context":"https:\/\/schema.org","@graph":[{"@type":"WebPage","@id":"https:\/\/dev.webdesign-le.de\/de\/nutzungsbedingungen\/","url":"https:\/\/dev.webdesign-le.de\/de\/nutzungsbedingungen\/","name":"Nutzungsbedingungen - S3 Alliance","isPartOf":{"@id":"https:\/\/dev.webdesign-le.de\/de\/#website"},"datePublished":"2020-04-01T06:30:38+00:00","dateModified":"2020-05-04T16:30:35+00:00","description":"Nutzungsbedingungen - S3 Alliance GmbH Lesen Sie die Nutzungsbedingungen unserer Website, Einzelheiten zum Datenschutz und zur Verwendung von Cookies auf unserer Website.","inLanguage":"de","potentialAction":[{"@type":"ReadAction","target":["https:\/\/dev.webdesign-le.de\/de\/nutzungsbedingungen\/"]}]},{"@type":"WebSite","@id":"https:\/\/dev.webdesign-le.de\/de\/#website","url":"https:\/\/dev.webdesign-le.de\/de\/","name":"S3 Alliance","description":"S3 Alliance is a market driven organization with more than 15 years of experience in the semiconductor, solar, life sciences and related market segments.","publisher":{"@id":"https:\/\/dev.webdesign-le.de\/de\/#organization"},"potentialAction":[{"@type":"SearchAction","target":{"@type":"EntryPoint","urlTemplate":"https:\/\/dev.webdesign-le.de\/de\/?s={search_term_string}"},"query-input":{"@type":"PropertyValueSpecification","valueRequired":true,"valueName":"search_term_string"}}],"inLanguage":"de"},{"@type":"Organization","@id":"https:\/\/dev.webdesign-le.de\/de\/#organization","name":"S3 Alliance","url":"https:\/\/dev.webdesign-le.de\/de\/","logo":{"@type":"ImageObject","inLanguage":"de","@id":"https:\/\/dev.webdesign-le.de\/de\/#\/schema\/logo\/image\/","url":"https:\/\/dev.webdesign-le.de\/wp-content\/uploads\/2017\/05\/logo@2x.png","contentUrl":"https:\/\/dev.webdesign-le.de\/wp-content\/uploads\/2017\/05\/logo@2x.png","width":340,"height":200,"caption":"S3 Alliance"},"image":{"@id":"https:\/\/dev.webdesign-le.de\/de\/#\/schema\/logo\/image\/"},"sameAs":["https:\/\/www.linkedin.com\/company\/s3-alliance"]}]}},"_links":{"self":[{"href":"https:\/\/dev.webdesign-le.de\/de\/wp-json\/wp\/v2\/pages\/5118","targetHints":{"allow":["GET"]}}],"collection":[{"href":"https:\/\/dev.webdesign-le.de\/de\/wp-json\/wp\/v2\/pages"}],"about":[{"href":"https:\/\/dev.webdesign-le.de\/de\/wp-json\/wp\/v2\/types\/page"}],"author":[{"embeddable":true,"href":"https:\/\/dev.webdesign-le.de\/de\/wp-json\/wp\/v2\/users\/1"}],"replies":[{"embeddable":true,"href":"https:\/\/dev.webdesign-le.de\/de\/wp-json\/wp\/v2\/comments?post=5118"}],"version-history":[{"count":0,"href":"https:\/\/dev.webdesign-le.de\/de\/wp-json\/wp\/v2\/pages\/5118\/revisions"}],"wp:attachment":[{"href":"https:\/\/dev.webdesign-le.de\/de\/wp-json\/wp\/v2\/media?parent=5118"}],"curies":[{"name":"wp","href":"https:\/\/api.w.org\/{rel}","templated":true}]}}