{"id":5106,"date":"2020-03-31T11:47:22","date_gmt":"2020-03-31T09:47:22","guid":{"rendered":"https:\/\/s3-alliance.com\/unternehmen\/"},"modified":"2021-11-25T17:23:40","modified_gmt":"2021-11-25T16:23:40","slug":"unternehmen","status":"publish","type":"page","link":"https:\/\/dev.webdesign-le.de\/de\/unternehmen\/","title":{"rendered":"Unternehmen"},"content":{"rendered":"<div class=\"wpb-content-wrapper\"><p>[vc_row full_width=&#8220;stretch_row_content_no_spaces&#8220; disable_element=&#8220;yes&#8220;][vc_column 0=&#8220;&#8220;][vc_single_image image=&#8220;5109&#8243; img_size=&#8220;full&#8220; alignment=&#8220;center&#8220;][\/vc_column][\/vc_row][vc_row full_width=&#8220;stretch_row&#8220; css_animation=&#8220;slideInLeft&#8220; css=&#8220;.vc_custom_1491312200644{margin-top: 25px !important;background-color: #ffffff !important;}&#8220;][vc_column 0=&#8220;&#8220;][vc_column_text 0=&#8220;&#8220;]<\/p>\n<h2 style=\"text-align: center;\">S3 Alliance ist eine marktorientierte Organisation mit mehr als 20 Jahren Erfahrung in den Bereichen <span style=\"color: #ca0538;\"><a style=\"color: #004587;\" href=\"\/de\/sector\/semiconductor-mems\">Halbleiter\/MEMS<\/a><\/span>, <span style=\"color: #abcc59;\"><a style=\"color: #abcc59;\" href=\"\/de\/sector\/green-energy\">Erneuerbare Energie<\/a><\/span>, <span style=\"color: #ca0538;\"><a style=\"color: #ca0538;\" href=\"\/de\/sector\/life-sciences\">Biotechnologie<\/a><\/span> und \u00e4hnlichen Bereichen.<\/h2>\n<p>[\/vc_column_text][\/vc_column][\/vc_row][vc_row full_width=&#8220;stretch_row_content_no_spaces&#8220; css_animation=&#8220;slideInRight&#8220; css=&#8220;.vc_custom_1491312217794{margin-top: -16px !important;margin-bottom: 0px !important;padding-bottom: 0px !important;}&#8220;][vc_column 0=&#8220;&#8220;][rev_slider_vc alias=&#8220;company&#8220;][\/vc_column][\/vc_row][vc_row full_width=&#8220;stretch_row&#8220; css_animation=&#8220;slideInLeft&#8220; css=&#8220;.vc_custom_1491312279801{margin-top: -35px !important;padding-top: 0px !important;background-color: #efedef !important;}&#8220;][vc_column 0=&#8220;&#8220;][vc_column_text 0=&#8220;&#8220;]<\/p>\n<h3 style=\"text-align: center;\">UNSERE VISION<\/h3>\n<p style=\"text-align: center;\">Unsere Vision ist es, &#8222;Exzellenz im Vertrieb zu erreichen&#8220;. Wir glauben, dass dies durch die Einhaltung unserer Grundwerte erreicht werden kann:<\/p>\n<h4 style=\"text-align: center;\">Integrit\u00e4t <span style=\"color: #999999;\">|<\/span> Transparenz <span style=\"color: #999999;\">|<\/span> Engagement <span style=\"color: #999999;\">|<\/span> Flexibilit\u00e4t <span style=\"color: #999999;\">|<\/span> Kontinuierliche Weiterbildung<\/h4>\n<p>[\/vc_column_text][\/vc_column][\/vc_row][vc_row css_animation=&#8220;slideInRight&#8220;][vc_column 0=&#8220;&#8220;][vc_column_text 0=&#8220;&#8220;]Unser Erfolg wird durch die Pflege starker Kunden- und Lieferantenbeziehungen und die Anpassung unserer Produktpalette an die Marktanforderungen erreicht. Durch die Beschaffung von Produkten und die Bereitstellung von Servicel\u00f6sungen mit einem guten Preis-Leistungs-Verh\u00e4ltnis und einem technischen Vorteil m\u00f6chte S3 Alliance der Partner sein, dem Sie vertrauen k\u00f6nnen.[\/vc_column_text][vc_row_inner 0=&#8220;&#8220;][vc_column_inner width=&#8220;1\/2&#8243;][vc_column_text 0=&#8220;&#8220;]<\/p>\n<ul>\n<li>Eine Allianz, dieselbe Philosophie, dieselben Ziele<\/li>\n<li>Lokale Vertriebs- und Servicepr\u00e4senz in Europa<\/li>\n<li>Unterst\u00fctzung der Landessprache und kulturelles Bewusstsein.<\/li>\n<li>Kompetent erfahrener Vertriebs-, Service- und Engineering-Support<\/li>\n<li>Anerkannter Au\u00dfendienst mit starken Kundenbeziehungen an allen Produktionsstandorten<\/li>\n<\/ul>\n<p>[\/vc_column_text][\/vc_column_inner][vc_column_inner width=&#8220;1\/2&#8243;][vc_column_text 0=&#8220;&#8220;]<\/p>\n<ul>\n<li>Schnelle Reaktionszeiten und Servicepakete<\/li>\n<li>Ersatzteilhaltung und Bestandskontrolle<\/li>\n<li>Kundenschulung<\/li>\n<li>Laufender Ger\u00e4tesupport zur Steigerung der Produktivit\u00e4t und Verf\u00fcgbarkeit sowie F\u00e4higkeit zur Nachr\u00fcstung usw.<\/li>\n<\/ul>\n<p>[\/vc_column_text][\/vc_column_inner][\/vc_row_inner][\/vc_column][\/vc_row][vc_row full_width=&#8220;stretch_row_content_no_spaces&#8220; css_animation=&#8220;slideInLeft&#8220;][vc_column 0=&#8220;&#8220;][vc_single_image image=&#8220;5111&#8243; img_size=&#8220;full&#8220; alignment=&#8220;center&#8220;][\/vc_column][\/vc_row][vc_row 0=&#8220;&#8220;][vc_column width=&#8220;1\/3&#8243;][vc_column_text css=&#8220;.vc_custom_1491312835081{margin-bottom: 0px !important;padding-bottom: 0px !important;}&#8220;]<\/p>\n<h2 style=\"text-align: center;\">Anzahl der Produkte<\/h2>\n<p>[\/vc_column_text]<div class=\"stats-block stats-top  \"><div class=\"aio-icon-top\"><div class=\"ult-just-icon-wrapper  \"><div class=\"align-icon\" style=\"text-align:center;\"><\/div><\/div><\/div><div class=\"stats-desc\" id=\"counter-responsv-wrap-6974\"><div id=\"counter_272794810869d0c9459aeff\" data-id=\"counter_272794810869d0c9459aeff\"  data-ultimate-target='#counter-responsv-wrap-6974 .stats-number'  data-responsive-json-new='{\"font-size\":\"desktop:72px;\",\"line-height\":\"\"}'  class=\"stats-number ult-responsive\" style=\"  color:#5f5e5e;\" data-speed=\"5\" data-counter-value=\"368\" data-separator=\",\" data-decimal=\".\">0<\/div><div id=\"title-counter_272794810869d0c9459aeff\"  data-ultimate-target='#counter-responsv-wrap-6974 .stats-text'  data-responsive-json-new='{\"font-size\":\"\",\"line-height\":\"\"}'  class=\"stats-text ult-responsive\" style=\"font-size:18px;  \"><\/div><\/div><\/div>[\/vc_column][vc_column width=&#8220;1\/3&#8243;][vc_column_text css=&#8220;.vc_custom_1491312876852{margin-bottom: 0px !important;padding-bottom: 0px !important;}&#8220;]<\/p>\n<h2 style=\"text-align: center;\">Anzahl der Lieferanten<\/h2>\n<p>[\/vc_column_text]<div class=\"stats-block stats-top  \"><div class=\"aio-icon-top\"><div class=\"ult-just-icon-wrapper  \"><div class=\"align-icon\" style=\"text-align:center;\"><\/div><\/div><\/div><div class=\"stats-desc\" id=\"counter-responsv-wrap-4314\"><div id=\"counter_326900490469d0c9459afc1\" data-id=\"counter_326900490469d0c9459afc1\"  data-ultimate-target='#counter-responsv-wrap-4314 .stats-number'  data-responsive-json-new='{\"font-size\":\"desktop:72px;\",\"line-height\":\"\"}'  class=\"stats-number ult-responsive\" style=\"  color:#5f5e5e;\" data-speed=\"5\" data-counter-value=\"39\" data-separator=\",\" data-decimal=\".\">0<\/div><div id=\"title-counter_326900490469d0c9459afc1\"  data-ultimate-target='#counter-responsv-wrap-4314 .stats-text'  data-responsive-json-new='{\"font-size\":\"\",\"line-height\":\"\"}'  class=\"stats-text ult-responsive\" style=\"font-size:18px;  \"><\/div><\/div><\/div>[\/vc_column][vc_column width=&#8220;1\/3&#8243;][vc_column_text css=&#8220;.vc_custom_1491312913893{margin-bottom: 0px !important;padding-bottom: 0px !important;}&#8220;]<\/p>\n<h2 style=\"text-align: center;\">Mitarbeiter insgesamt<\/h2>\n<p>[\/vc_column_text]<div class=\"stats-block stats-top  \"><div class=\"aio-icon-top\"><div class=\"ult-just-icon-wrapper  \"><div class=\"align-icon\" style=\"text-align:center;\"><\/div><\/div><\/div><div class=\"stats-desc\" id=\"counter-responsv-wrap-4454\"><div id=\"counter_236721603469d0c9459b098\" data-id=\"counter_236721603469d0c9459b098\"  data-ultimate-target='#counter-responsv-wrap-4454 .stats-number'  data-responsive-json-new='{\"font-size\":\"desktop:72px;\",\"line-height\":\"\"}'  class=\"stats-number ult-responsive\" style=\"  color:#5f5e5e;\" data-speed=\"5\" data-counter-value=\"25\" data-separator=\",\" data-decimal=\".\">0<\/div><div id=\"title-counter_236721603469d0c9459b098\"  data-ultimate-target='#counter-responsv-wrap-4454 .stats-text'  data-responsive-json-new='{\"font-size\":\"\",\"line-height\":\"\"}'  class=\"stats-text ult-responsive\" style=\"font-size:18px;  \"><\/div><\/div><\/div>[\/vc_column][\/vc_row][vc_row full_width=&#8220;stretch_row_content_no_spaces&#8220; css_animation=&#8220;slideInLeft&#8220; disable_element=&#8220;yes&#8220;][vc_column 0=&#8220;&#8220;][vc_single_image image=&#8220;5107&#8243; img_size=&#8220;full&#8220; alignment=&#8220;center&#8220;][vc_column_text 0=&#8220;&#8220;]<\/p>\n<p style=\"text-align: center;\">Bereich f\u00fcr Inhalte zur sozialen Verantwortung. Replace image with Handball Team pic.<\/p>\n<p>[\/vc_column_text][\/vc_column][\/vc_row]<\/p>\n<\/div>","protected":false},"excerpt":{"rendered":"<p>[vc_row full_width=&#8220;stretch_row_content_no_spaces&#8220; disable_element=&#8220;yes&#8220;][vc_column 0=&#8220;&#8220;][vc_single_image image=&#8220;5109&#8243; img_size=&#8220;full&#8220; alignment=&#8220;center&#8220;][\/vc_column][\/vc_row][vc_row full_width=&#8220;stretch_row&#8220; css_animation=&#8220;slideInLeft&#8220; css=&#8220;.vc_custom_1491312200644{margin-top: 25px !important;background-color: #ffffff !important;}&#8220;][vc_column 0=&#8220;&#8220;][vc_column_text 0=&#8220;&#8220;] S3 Alliance ist eine marktorientierte Organisation mit mehr als 20 Jahren Erfahrung in den Bereichen Halbleiter\/MEMS, Erneuerbare Energie, Biotechnologie und \u00e4hnlichen Bereichen. [\/vc_column_text][\/vc_column][\/vc_row][vc_row full_width=&#8220;stretch_row_content_no_spaces&#8220; css_animation=&#8220;slideInRight&#8220; css=&#8220;.vc_custom_1491312217794{margin-top: -16px !important;margin-bottom: 0px !important;padding-bottom: 0px !important;}&#8220;][vc_column 0=&#8220;&#8220;][rev_slider_vc alias=&#8220;company&#8220;][\/vc_column][\/vc_row][vc_row full_width=&#8220;stretch_row&#8220; css_animation=&#8220;slideInLeft&#8220; css=&#8220;.vc_custom_1491312279801{margin-top: -35px !important;padding-top:<a class=\"excerpt-read-more\" href=\"https:\/\/dev.webdesign-le.de\/de\/unternehmen\/\" title=\"ReadUnternehmen\">&#8230; Read more &raquo;<\/a><\/p>\n","protected":false},"author":1,"featured_media":0,"parent":0,"menu_order":0,"comment_status":"closed","ping_status":"closed","template":"template-full-width.php","meta":{"_acf_changed":false,"footnotes":""},"class_list":["post-5106","page","type-page","status-publish","hentry"],"acf":[],"yoast_head":"<!-- This site is optimized with the Yoast SEO plugin v25.8 - https:\/\/yoast.com\/wordpress\/plugins\/seo\/ -->\n<title>\u00dcber S3 Alliance das Unternehmen<\/title>\n<meta name=\"description\" content=\"Unternehmensinformationen der S3 Alliance - Unser Erfolg wird durch die Pflege starker Kunden- und Lieferantenbeziehungen und die kontinuierliche Anpassung unserer Produktpalette erreicht.\" \/>\n<meta name=\"robots\" content=\"index, follow, max-snippet:-1, max-image-preview:large, max-video-preview:-1\" \/>\n<link rel=\"canonical\" href=\"https:\/\/dev.webdesign-le.de\/de\/unternehmen\/\" \/>\n<meta property=\"og:locale\" content=\"de_DE\" \/>\n<meta property=\"og:type\" content=\"article\" \/>\n<meta property=\"og:title\" content=\"\u00dcber S3 Alliance das Unternehmen\" \/>\n<meta property=\"og:description\" content=\"Unternehmensinformationen der S3 Alliance - Unser Erfolg wird durch die Pflege starker Kunden- und Lieferantenbeziehungen und die kontinuierliche Anpassung unserer Produktpalette erreicht.\" \/>\n<meta property=\"og:url\" content=\"https:\/\/dev.webdesign-le.de\/de\/unternehmen\/\" \/>\n<meta property=\"og:site_name\" content=\"S3 Alliance\" \/>\n<meta property=\"article:modified_time\" content=\"2021-11-25T16:23:40+00:00\" \/>\n<meta name=\"twitter:card\" content=\"summary_large_image\" \/>\n<meta name=\"twitter:label1\" content=\"Gesch\u00e4tzte Lesezeit\" \/>\n\t<meta name=\"twitter:data1\" content=\"3\u00a0Minuten\" \/>\n<script type=\"application\/ld+json\" class=\"yoast-schema-graph\">{\"@context\":\"https:\/\/schema.org\",\"@graph\":[{\"@type\":\"WebPage\",\"@id\":\"https:\/\/dev.webdesign-le.de\/de\/unternehmen\/\",\"url\":\"https:\/\/dev.webdesign-le.de\/de\/unternehmen\/\",\"name\":\"\u00dcber S3 Alliance das Unternehmen\",\"isPartOf\":{\"@id\":\"https:\/\/dev.webdesign-le.de\/de\/#website\"},\"datePublished\":\"2020-03-31T09:47:22+00:00\",\"dateModified\":\"2021-11-25T16:23:40+00:00\",\"description\":\"Unternehmensinformationen der S3 Alliance - Unser Erfolg wird durch die Pflege starker Kunden- und Lieferantenbeziehungen und die kontinuierliche Anpassung unserer Produktpalette erreicht.\",\"inLanguage\":\"de\",\"potentialAction\":[{\"@type\":\"ReadAction\",\"target\":[\"https:\/\/dev.webdesign-le.de\/de\/unternehmen\/\"]}]},{\"@type\":\"WebSite\",\"@id\":\"https:\/\/dev.webdesign-le.de\/de\/#website\",\"url\":\"https:\/\/dev.webdesign-le.de\/de\/\",\"name\":\"S3 Alliance\",\"description\":\"S3 Alliance is a market driven organization with more than 15 years of experience in the semiconductor, solar, life sciences and related market segments.\",\"publisher\":{\"@id\":\"https:\/\/dev.webdesign-le.de\/de\/#organization\"},\"potentialAction\":[{\"@type\":\"SearchAction\",\"target\":{\"@type\":\"EntryPoint\",\"urlTemplate\":\"https:\/\/dev.webdesign-le.de\/de\/?s={search_term_string}\"},\"query-input\":{\"@type\":\"PropertyValueSpecification\",\"valueRequired\":true,\"valueName\":\"search_term_string\"}}],\"inLanguage\":\"de\"},{\"@type\":\"Organization\",\"@id\":\"https:\/\/dev.webdesign-le.de\/de\/#organization\",\"name\":\"S3 Alliance\",\"url\":\"https:\/\/dev.webdesign-le.de\/de\/\",\"logo\":{\"@type\":\"ImageObject\",\"inLanguage\":\"de\",\"@id\":\"https:\/\/dev.webdesign-le.de\/de\/#\/schema\/logo\/image\/\",\"url\":\"https:\/\/dev.webdesign-le.de\/wp-content\/uploads\/2017\/05\/logo@2x.png\",\"contentUrl\":\"https:\/\/dev.webdesign-le.de\/wp-content\/uploads\/2017\/05\/logo@2x.png\",\"width\":340,\"height\":200,\"caption\":\"S3 Alliance\"},\"image\":{\"@id\":\"https:\/\/dev.webdesign-le.de\/de\/#\/schema\/logo\/image\/\"},\"sameAs\":[\"https:\/\/www.linkedin.com\/company\/s3-alliance\"]}]}<\/script>\n<!-- \/ Yoast SEO plugin. -->","yoast_head_json":{"title":"\u00dcber S3 Alliance das Unternehmen","description":"Unternehmensinformationen der S3 Alliance - Unser Erfolg wird durch die Pflege starker Kunden- und Lieferantenbeziehungen und die kontinuierliche Anpassung unserer Produktpalette erreicht.","robots":{"index":"index","follow":"follow","max-snippet":"max-snippet:-1","max-image-preview":"max-image-preview:large","max-video-preview":"max-video-preview:-1"},"canonical":"https:\/\/dev.webdesign-le.de\/de\/unternehmen\/","og_locale":"de_DE","og_type":"article","og_title":"\u00dcber S3 Alliance das Unternehmen","og_description":"Unternehmensinformationen der S3 Alliance - Unser Erfolg wird durch die Pflege starker Kunden- und Lieferantenbeziehungen und die kontinuierliche Anpassung unserer Produktpalette erreicht.","og_url":"https:\/\/dev.webdesign-le.de\/de\/unternehmen\/","og_site_name":"S3 Alliance","article_modified_time":"2021-11-25T16:23:40+00:00","twitter_card":"summary_large_image","twitter_misc":{"Gesch\u00e4tzte Lesezeit":"3\u00a0Minuten"},"schema":{"@context":"https:\/\/schema.org","@graph":[{"@type":"WebPage","@id":"https:\/\/dev.webdesign-le.de\/de\/unternehmen\/","url":"https:\/\/dev.webdesign-le.de\/de\/unternehmen\/","name":"\u00dcber S3 Alliance das Unternehmen","isPartOf":{"@id":"https:\/\/dev.webdesign-le.de\/de\/#website"},"datePublished":"2020-03-31T09:47:22+00:00","dateModified":"2021-11-25T16:23:40+00:00","description":"Unternehmensinformationen der S3 Alliance - Unser Erfolg wird durch die Pflege starker Kunden- und Lieferantenbeziehungen und die kontinuierliche Anpassung unserer Produktpalette erreicht.","inLanguage":"de","potentialAction":[{"@type":"ReadAction","target":["https:\/\/dev.webdesign-le.de\/de\/unternehmen\/"]}]},{"@type":"WebSite","@id":"https:\/\/dev.webdesign-le.de\/de\/#website","url":"https:\/\/dev.webdesign-le.de\/de\/","name":"S3 Alliance","description":"S3 Alliance is a market driven organization with more than 15 years of experience in the semiconductor, solar, life sciences and related market segments.","publisher":{"@id":"https:\/\/dev.webdesign-le.de\/de\/#organization"},"potentialAction":[{"@type":"SearchAction","target":{"@type":"EntryPoint","urlTemplate":"https:\/\/dev.webdesign-le.de\/de\/?s={search_term_string}"},"query-input":{"@type":"PropertyValueSpecification","valueRequired":true,"valueName":"search_term_string"}}],"inLanguage":"de"},{"@type":"Organization","@id":"https:\/\/dev.webdesign-le.de\/de\/#organization","name":"S3 Alliance","url":"https:\/\/dev.webdesign-le.de\/de\/","logo":{"@type":"ImageObject","inLanguage":"de","@id":"https:\/\/dev.webdesign-le.de\/de\/#\/schema\/logo\/image\/","url":"https:\/\/dev.webdesign-le.de\/wp-content\/uploads\/2017\/05\/logo@2x.png","contentUrl":"https:\/\/dev.webdesign-le.de\/wp-content\/uploads\/2017\/05\/logo@2x.png","width":340,"height":200,"caption":"S3 Alliance"},"image":{"@id":"https:\/\/dev.webdesign-le.de\/de\/#\/schema\/logo\/image\/"},"sameAs":["https:\/\/www.linkedin.com\/company\/s3-alliance"]}]}},"_links":{"self":[{"href":"https:\/\/dev.webdesign-le.de\/de\/wp-json\/wp\/v2\/pages\/5106","targetHints":{"allow":["GET"]}}],"collection":[{"href":"https:\/\/dev.webdesign-le.de\/de\/wp-json\/wp\/v2\/pages"}],"about":[{"href":"https:\/\/dev.webdesign-le.de\/de\/wp-json\/wp\/v2\/types\/page"}],"author":[{"embeddable":true,"href":"https:\/\/dev.webdesign-le.de\/de\/wp-json\/wp\/v2\/users\/1"}],"replies":[{"embeddable":true,"href":"https:\/\/dev.webdesign-le.de\/de\/wp-json\/wp\/v2\/comments?post=5106"}],"version-history":[{"count":0,"href":"https:\/\/dev.webdesign-le.de\/de\/wp-json\/wp\/v2\/pages\/5106\/revisions"}],"wp:attachment":[{"href":"https:\/\/dev.webdesign-le.de\/de\/wp-json\/wp\/v2\/media?parent=5106"}],"curies":[{"name":"wp","href":"https:\/\/api.w.org\/{rel}","templated":true}]}}